{"id":2,"date":"2014-08-22T16:40:10","date_gmt":"2014-08-22T16:40:10","guid":{"rendered":"http:\/\/arkanisegnali.arkaassociazione.it\/?page_id=2"},"modified":"2014-08-26T23:35:50","modified_gmt":"2014-08-26T21:35:50","slug":"chi-siamo","status":"publish","type":"page","link":"https:\/\/www.arkaassociazione.it\/arkanisegnali\/chi-siamo\/","title":{"rendered":"Chi siamo"},"content":{"rendered":"<p class=\"p1\"><strong>Siamo un gruppo di appassionate\/i della cultura del counseling<\/strong> e nel 2013 abbiamo costituito\u00a0ArKa Associazione.<\/p>\n<p class=\"p1\"><b><i>PERCH\u00c8\u00a0un blog di segnalazioni di libri-film-eventi?<\/i><\/b><\/p>\n<p class=\"p1\"><b>Tra tutte le esperienze che viviamo, capita che dei semi di consapevolezza ci arrivino\u00a0<\/b>da una lettura, da un film, da un video, da un documentario, da una mostra, ovvero da un&#8217;esperienza che, bench\u00e9 unica e irripetibile, pu\u00f2 essere vissuta anche da altri e in qualche modo condivisa.<\/p>\n<p class=\"p1\"><b>In questo blog vogliamo segnalare le fonti di ispirazione\u00a0<\/b>che abbiamo trovato interessanti e utili per noi e che ci fa piacere condividere e diffondere, per dar luogo a ulteriori occasioni di confronto con chi ci legge.<\/p>\n<p class=\"p1\"><b>Pensiamo che la consapevolezza, cos\u00ec come il benessere individuale e comune, vada cercata anche in una dimensione plurale<\/b>\u00a0che richiede tempo, confronto, curiosit\u00e0, esplorazione di nuovi mondi possibili, e una continua interazione tra alterit\u00e0, tra noto e ignoto.<\/p>\n<p class=\"p1\"><b>Nella nostra esperienza la condivisione \u00e8 una buona pratica<\/b>, dove con buone pratiche immaginiamo declinazioni molto diverse ma con il principio comune della consapevolezza di noi stessi\/e e del mondo in cui viviamo e la comune direzione verso il\u00a0benessere, nostro e del nostro ambiente.<\/p>\n<p class=\"p1\"><b><i>COME scegliamo cosa segnalare su ArKani Segnali?<\/i><\/b><\/p>\n<p class=\"p1\"><b>La scelta degli argomenti parte dalle nostre passioni<\/b> e segue il ritmo di ci\u00f2 che ci capita di incontrare lasciandoci qualcosa che sentiamo stimolante per la nostra crescita personale.<\/p>\n<p class=\"p1\"><b>Non sempre incontriamo subito delle luminose consapevolezze<\/b>; pu\u00f2 capitare che a ispirarci siano anche dei dubbi, delle suggestioni, delle riflessioni, delle aperture, dei punti di vista.<\/p>\n<p class=\"p1\"><b>Quello che cerchiamo<\/b> e la direzione in cui vogliamo muoverci, li trovate nel nostro <a href=\"http:\/\/arkaassociazione.it\/associazionearka.html\"><span class=\"s1\">statuto<\/span><\/a>:<\/p>\n<blockquote>\n<p class=\"p1\"><i>ArKa Associazione \u201cSi fonda sul presupposto della tendenza all\u2019autorealizzazione della natura umana e della possibilit\u00e0 di agevolare modelli di sviluppo autodeterminati secondo criteri di libert\u00e0, responsabilit\u00e0, altruismo, armonia e approccio ecologico.<br \/>\nMira a favorire e sostenere i processi realizzativi affinch\u00e9 ogni soggetto umano possa corrispondere, con piena consapevolezza, al proprio intrinseco progetto esistenziale facendo della propria vita quanto di pi\u00f9 vicino possibile ad un&#8217;opera d&#8217;arte e d&#8217;amore, degna di contemplazione.<br \/>\nL\u2019Associazione persegue la finalit\u00e0 di promuovere la realizzazione degli individui e di tutte le forme aggregative umane, formali e informali, secondo criteri di libert\u00e0 evolutiva ed espressiva, responsabilit\u00e0 individuale e sociale, di rispetto della prospettiva ecologico-sistemica.\u201d (tratto dallo Statuto di ArKa Associazione)<\/i><\/p>\n<\/blockquote>\n<p class=\"p1\"><b>Questo blog vuole essere anche un&#8217;opportunit\u00e0 per fare conoscenz<\/b><strong>a e rete <\/strong>con le persone e le realt\u00e0 che condividono le nostre stesse passioni e finalit\u00e0.<\/p>\n<p class=\"p1\"><b>Questo \u00e8 il nostro sito<\/b>: <a href=\"http:\/\/www.arkaassociazione.it\/\"><span class=\"s1\">www.arkaassociazione.it<\/span><\/a><\/p>\n","protected":false},"excerpt":{"rendered":"<p>Siamo un gruppo di appassionate\/i della cultura del counseling e nel 2013 abbiamo costituito\u00a0ArKa Associazione. PERCH\u00c8\u00a0un blog di segnalazioni di libri-film-eventi? Tra tutte le esperienze che viviamo, capita che dei semi di consapevolezza ci arrivino\u00a0da una lettura, da un film, da un video, da un documentario, da una mostra, ovvero da un&#8217;esperienza che, bench\u00e9 unica e irripetibile, pu\u00f2 essere vissuta anche da altri e in qualche modo condivisa. In questo blog vogliamo segnalare le fonti di ispirazione\u00a0che abbiamo trovato interessanti e utili per noi e che ci fa piacere condividere e diffondere, per dar luogo a ulteriori occasioni di confronto con chi ci legge. Pensiamo che la consapevolezza, cos\u00ec come il benessere individuale e comune, vada cercata anche in una dimensione plurale\u00a0che richiede tempo, confronto, curiosit\u00e0, esplorazione di nuovi mondi possibili, e una continua interazione tra alterit\u00e0, tra noto e ignoto. Nella nostra esperienza la condivisione \u00e8 una buona pratica, dove con buone pratiche immaginiamo declinazioni molto diverse ma con il principio comune della consapevolezza di noi stessi\/e e del mondo in cui viviamo e la comune direzione verso il\u00a0benessere, nostro e del nostro ambiente. COME scegliamo cosa segnalare su ArKani Segnali? La scelta degli argomenti parte dalle nostre passioni&#8230;<\/p>\n","protected":false},"author":1,"featured_media":0,"parent":0,"menu_order":0,"comment_status":"closed","ping_status":"closed","template":"page-sidebar.php","meta":{"footnotes":""},"class_list":["post-2","page","type-page","status-publish","hentry"],"_links":{"self":[{"href":"https:\/\/www.arkaassociazione.it\/arkanisegnali\/wp-json\/wp\/v2\/pages\/2","targetHints":{"allow":["GET"]}}],"collection":[{"href":"https:\/\/www.arkaassociazione.it\/arkanisegnali\/wp-json\/wp\/v2\/pages"}],"about":[{"href":"https:\/\/www.arkaassociazione.it\/arkanisegnali\/wp-json\/wp\/v2\/types\/page"}],"author":[{"embeddable":true,"href":"https:\/\/www.arkaassociazione.it\/arkanisegnali\/wp-json\/wp\/v2\/users\/1"}],"replies":[{"embeddable":true,"href":"https:\/\/www.arkaassociazione.it\/arkanisegnali\/wp-json\/wp\/v2\/comments?post=2"}],"version-history":[{"count":12,"href":"https:\/\/www.arkaassociazione.it\/arkanisegnali\/wp-json\/wp\/v2\/pages\/2\/revisions"}],"predecessor-version":[{"id":108,"href":"https:\/\/www.arkaassociazione.it\/arkanisegnali\/wp-json\/wp\/v2\/pages\/2\/revisions\/108"}],"wp:attachment":[{"href":"https:\/\/www.arkaassociazione.it\/arkanisegnali\/wp-json\/wp\/v2\/media?parent=2"}],"curies":[{"name":"wp","href":"https:\/\/api.w.org\/{rel}","templated":true}]}}